{"id":4690,"date":"2021-08-07T21:07:11","date_gmt":"2021-08-07T19:07:11","guid":{"rendered":"http:\/\/studiodoisy.com\/?page_id=4690"},"modified":"2021-08-12T10:17:57","modified_gmt":"2021-08-12T08:17:57","slug":"mentions-legales","status":"publish","type":"page","link":"https:\/\/studiodoisy.com\/index.php\/mentions-legales\/","title":{"rendered":"Mentions l\u00e9gales"},"content":{"rendered":"<p>[vc_row full_height=&#8221;yes&#8221; content_placement=&#8221;middle&#8221; row_content_width=&#8221;grid&#8221; content_text_aligment=&#8221;&#8221; use_row_as_full_screen_section=&#8221;no&#8221;][vc_column][vc_column_text]<\/p>\n<h3 style=\"text-align: center;\">Mentions l\u00e9gales<\/h3>\n<p>[\/vc_column_text][vc_empty_space height=&#8221;24&#8243;][vc_column_text]<\/p>\n<p class=\"p1\"><span class=\"s2\">Le pr\u00e9sent site internet est \u00e9dit\u00e9 par la soci\u00e9t\u00e9 SARL Studio Doisy au capital social de 1000 euros, enregistr\u00e9 sous le num\u00e9ro 817 905 839 RCS Paris, dont le si\u00e8ge social est situ\u00e9 au 5 Passage Doisy, 75017 Paris.<\/span><\/p>\n<p class=\"p1\"><span class=\"s2\">Son num\u00e9ro de t\u00e9l\u00e9phone non surtax\u00e9 est le +33 (0) 6 22 74 53 93,<\/span><span class=\"s2\"> son adresse de courrier \u00e9lectronique est a.bouche [@] studiodoisy [. ]com<\/span><span class=\"s2\"> et son num\u00e9ro individuel d\u2019identification TVA intracommunautaire FR00817905839<\/span><span class=\"s2\">.<\/span><\/p>\n<p class=\"p1\"><span class=\"s2\">Le pr\u00e9sent site internet est h\u00e9berg\u00e9 par la soci\u00e9t\u00e9 OVH SAS, OVH SAS est une filiale de la soci\u00e9t\u00e9 OVH Groupe SAS, soci\u00e9t\u00e9 immatricul\u00e9e au RCS de Lille sous le num\u00e9ro 537 407 926 sise 2, rue Kellermann, 59100 Roubaix.<\/span><\/p>\n<div class=\"row\">\n<div class=\"col-s-center col-s-12 col-l-8 marginTop40 marginBottom80\">\n<div class=\"marginTop20\">SAS au capital de 10 069 020 \u20ac<br \/>\nRCS Lille M\u00e9tropole 424 761 419 00045<br \/>\nCode APE 2620Z<br \/>\nN\u00b0 TVA : FR 22 424 761 419Si\u00e8ge social : 2 rue Kellermann &#8211; 59100 Roubaix &#8211; France<\/div>\n<\/div>\n<\/div>\n<div class=\"row\">\n<div class=\"col-s-center col-s-12 col-l-8 marginBottom40\">\n<p>Directeur de la publication du site :<\/p>\n<\/div>\n<\/div>\n<p class=\"p1\"><span class=\"s2\">Alexandre Bouch\u00e9<\/span><\/p>\n<p>Photographe :<\/p>\n<p>Paul Prestreau<\/p>\n<p>Conception et r\u00e9alisation :<\/p>\n<p><a href=\"http:\/\/b-mf.co\/\">Basile MARQUEFAVE<\/a>[\/vc_column_text][\/vc_column][\/vc_row]<\/p>\n","protected":false},"excerpt":{"rendered":"<p>[vc_row full_height=&#8221;yes&#8221; content_placement=&#8221;middle&#8221; row_content_width=&#8221;grid&#8221; content_text_aligment=&#8221;&#8221; use_row_as_full_screen_section=&#8221;no&#8221;][vc_column][vc_column_text] Mentions l\u00e9gales [\/vc_column_text][vc_empty_space height=&#8221;24&#8243;][vc_column_text] Le pr\u00e9sent site internet est \u00e9dit\u00e9 par la soci\u00e9t\u00e9 SARL Studio Doisy au capital social de 1000 euros, enregistr\u00e9 sous le num\u00e9ro 817 905 839 RCS Paris, dont le si\u00e8ge social est situ\u00e9 au 5 [&hellip;]<\/p>\n","protected":false},"author":1,"featured_media":0,"parent":0,"menu_order":0,"comment_status":"closed","ping_status":"closed","template":"full-width.php","meta":[],"_links":{"self":[{"href":"https:\/\/studiodoisy.com\/index.php\/wp-json\/wp\/v2\/pages\/4690"}],"collection":[{"href":"https:\/\/studiodoisy.com\/index.php\/wp-json\/wp\/v2\/pages"}],"about":[{"href":"https:\/\/studiodoisy.com\/index.php\/wp-json\/wp\/v2\/types\/page"}],"author":[{"embeddable":true,"href":"https:\/\/studiodoisy.com\/index.php\/wp-json\/wp\/v2\/users\/1"}],"replies":[{"embeddable":true,"href":"https:\/\/studiodoisy.com\/index.php\/wp-json\/wp\/v2\/comments?post=4690"}],"version-history":[{"count":4,"href":"https:\/\/studiodoisy.com\/index.php\/wp-json\/wp\/v2\/pages\/4690\/revisions"}],"predecessor-version":[{"id":4701,"href":"https:\/\/studiodoisy.com\/index.php\/wp-json\/wp\/v2\/pages\/4690\/revisions\/4701"}],"wp:attachment":[{"href":"https:\/\/studiodoisy.com\/index.php\/wp-json\/wp\/v2\/media?parent=4690"}],"curies":[{"name":"wp","href":"https:\/\/api.w.org\/{rel}","templated":true}]}}