{"id":710,"date":"2016-06-20T09:59:36","date_gmt":"2016-06-20T09:59:36","guid":{"rendered":"http:\/\/assemble.edge-themes.com\/?page_id=710"},"modified":"2021-08-05T16:22:54","modified_gmt":"2021-08-05T14:22:54","slug":"about-me","status":"publish","type":"page","link":"https:\/\/studiodoisy.com\/index.php\/about-me\/","title":{"rendered":"About Me"},"content":{"rendered":"<p>[vc_row content_text_aligment=&#8221;&#8221; use_row_as_full_screen_section=&#8221;no&#8221; css=&#8221;.vc_custom_1468416224274{padding-top: 67px !important;padding-bottom: 38px !important;}&#8221;][vc_column][vc_row_inner row_content_width=&#8221;grid&#8221; content_text_aligment=&#8221;&#8221; css=&#8221;.vc_custom_1466607936538{margin-right: -20px !important;margin-left: -20px !important;}&#8221;][vc_column_inner css=&#8221;.vc_custom_1468416140285{padding-right: 20px !important;padding-left: 20px !important;}&#8221; offset=&#8221;vc_col-lg-5&#8243;][vc_empty_space height=&#8221;33&#8243;][vc_single_image image=&#8221;4578&#8243; img_size=&#8221;large&#8221; alignment=&#8221;center&#8221;][vc_empty_space height=&#8221;62&#8243;][\/vc_column_inner][vc_column_inner css=&#8221;.vc_custom_1627477550755{padding: 20% !important;}&#8221; offset=&#8221;vc_col-lg-7&#8243;][vc_empty_space height=&#8221;29&#8243;][vc_column_text]<strong>Alexandre Bouch\u00e9<\/strong> est un architecte d\u2019int\u00e9rieur parisien, dipl\u00f4m\u00e9 de l\u2019\u00e9cole Camondo et ancien \u00e9l\u00e8ve de Jacques Garcia et Pierre-Yves Rochon.[\/vc_column_text][vc_empty_space height=&#8221;20px&#8221;][vc_column_text]<\/p>\n<p class=\"p1\"><span class=\"s1\">Alexandre cherche \u00e0 mettre en valeur l\u2019architecture de chaque lieu par le travail des volumes, circulations et perspectives. Son go\u00fbt pour les mati\u00e8res naturelles et un grand souci du d\u00e9tail caract\u00e9risent ses r\u00e9alisations.<\/span><\/p>\n<p>[\/vc_column_text][vc_empty_space height=&#8221;20px&#8221;][vc_column_text]<\/p>\n<p class=\"p1\"><span class=\"s1\">Il met un point d\u2019honneur \u00e0 livrer des projets aboutis et \u00e0 respecter ses engagements, ce qui lui vaut de travailler principalement gr\u00e2ce aux recommandations de clients satisfaits avec lesquels il aura nou\u00e9 de vraies relations de confiance.<\/span><\/p>\n<p>[\/vc_column_text][vc_empty_space height=&#8221;24&#8243;][\/vc_column_inner][\/vc_row_inner][\/vc_column][\/vc_row]<\/p>\n","protected":false},"excerpt":{"rendered":"<p>[vc_row content_text_aligment=&#8221;&#8221; use_row_as_full_screen_section=&#8221;no&#8221; css=&#8221;.vc_custom_1468416224274{padding-top: 67px !important;padding-bottom: 38px !important;}&#8221;][vc_column][vc_row_inner row_content_width=&#8221;grid&#8221; content_text_aligment=&#8221;&#8221; css=&#8221;.vc_custom_1466607936538{margin-right: -20px !important;margin-left: -20px !important;}&#8221;][vc_column_inner css=&#8221;.vc_custom_1468416140285{padding-right: 20px !important;padding-left: 20px !important;}&#8221; offset=&#8221;vc_col-lg-5&#8243;][vc_empty_space height=&#8221;33&#8243;][vc_single_image image=&#8221;4578&#8243; img_size=&#8221;large&#8221; alignment=&#8221;center&#8221;][vc_empty_space height=&#8221;62&#8243;][\/vc_column_inner][vc_column_inner css=&#8221;.vc_custom_1627477550755{padding: 20% !important;}&#8221; offset=&#8221;vc_col-lg-7&#8243;][vc_empty_space height=&#8221;29&#8243;][vc_column_text]Alexandre Bouch\u00e9 est un architecte d\u2019int\u00e9rieur parisien, dipl\u00f4m\u00e9 de l\u2019\u00e9cole Camondo et ancien \u00e9l\u00e8ve de [&hellip;]<\/p>\n","protected":false},"author":1,"featured_media":0,"parent":0,"menu_order":0,"comment_status":"closed","ping_status":"closed","template":"full-width.php","meta":[],"_links":{"self":[{"href":"https:\/\/studiodoisy.com\/index.php\/wp-json\/wp\/v2\/pages\/710"}],"collection":[{"href":"https:\/\/studiodoisy.com\/index.php\/wp-json\/wp\/v2\/pages"}],"about":[{"href":"https:\/\/studiodoisy.com\/index.php\/wp-json\/wp\/v2\/types\/page"}],"author":[{"embeddable":true,"href":"https:\/\/studiodoisy.com\/index.php\/wp-json\/wp\/v2\/users\/1"}],"replies":[{"embeddable":true,"href":"https:\/\/studiodoisy.com\/index.php\/wp-json\/wp\/v2\/comments?post=710"}],"version-history":[{"count":18,"href":"https:\/\/studiodoisy.com\/index.php\/wp-json\/wp\/v2\/pages\/710\/revisions"}],"predecessor-version":[{"id":4674,"href":"https:\/\/studiodoisy.com\/index.php\/wp-json\/wp\/v2\/pages\/710\/revisions\/4674"}],"wp:attachment":[{"href":"https:\/\/studiodoisy.com\/index.php\/wp-json\/wp\/v2\/media?parent=710"}],"curies":[{"name":"wp","href":"https:\/\/api.w.org\/{rel}","templated":true}]}}